{"id":1045,"date":"2022-11-07T16:25:10","date_gmt":"2022-11-07T19:25:10","guid":{"rendered":"https:\/\/fitliv.com.br\/?page_id=1045"},"modified":"2022-11-07T16:25:40","modified_gmt":"2022-11-07T19:25:40","slug":"elementor-1045","status":"publish","type":"page","link":"https:\/\/fitliv.com.br\/index.php\/elementor-1045\/","title":{"rendered":"Elementor #1045"},"content":{"rendered":"\t\t<div data-elementor-type=\"wp-page\" data-elementor-id=\"1045\" class=\"elementor elementor-1045\" data-elementor-post-type=\"page\">\n\t\t\t\t\t\t<section class=\"elementor-section elementor-top-section elementor-element elementor-element-552947b1 elementor-section-boxed elementor-section-height-default elementor-section-height-default\" data-id=\"552947b1\" data-element_type=\"section\" data-e-type=\"section\" data-settings=\"{&quot;background_background&quot;:&quot;classic&quot;}\">\n\t\t\t\t\t\t<div class=\"elementor-container elementor-column-gap-default\">\n\t\t\t\t\t<div class=\"elementor-column elementor-col-100 elementor-top-column elementor-element elementor-element-6338321e\" data-id=\"6338321e\" data-element_type=\"column\" data-e-type=\"column\">\n\t\t\t<div class=\"elementor-widget-wrap elementor-element-populated\">\n\t\t\t\t\t\t<div class=\"elementor-element elementor-element-17052bea elementor-widget elementor-widget-image\" data-id=\"17052bea\" data-element_type=\"widget\" data-e-type=\"widget\" data-widget_type=\"image.default\">\n\t\t\t\t<div class=\"elementor-widget-container\">\n\t\t\t\t\t\t\t\t\t\t\t\t\t\t\t<img fetchpriority=\"high\" decoding=\"async\" width=\"640\" height=\"1024\" src=\"https:\/\/fitliv.com.br\/wp-content\/uploads\/2022\/11\/Uhul-Pedido-em-transporte-NOME_-31-640x1024.png\" class=\"attachment-large size-large wp-image-1047\" alt=\"\" srcset=\"https:\/\/fitliv.com.br\/wp-content\/uploads\/2022\/11\/Uhul-Pedido-em-transporte-NOME_-31-640x1024.png 640w, https:\/\/fitliv.com.br\/wp-content\/uploads\/2022\/11\/Uhul-Pedido-em-transporte-NOME_-31-416x666.png 416w, https:\/\/fitliv.com.br\/wp-content\/uploads\/2022\/11\/Uhul-Pedido-em-transporte-NOME_-31-188x300.png 188w, https:\/\/fitliv.com.br\/wp-content\/uploads\/2022\/11\/Uhul-Pedido-em-transporte-NOME_-31.png 700w\" sizes=\"(max-width: 640px) 100vw, 640px\" \/>\t\t\t\t\t\t\t\t\t\t\t\t\t\t\t<\/div>\n\t\t\t\t<\/div>\n\t\t\t\t\t<\/div>\n\t\t<\/div>\n\t\t\t\t\t<\/div>\n\t\t<\/section>\n\t\t\t\t<section class=\"elementor-section elementor-top-section elementor-element elementor-element-4ad53f92 elementor-section-boxed elementor-section-height-default elementor-section-height-default\" data-id=\"4ad53f92\" data-element_type=\"section\" data-e-type=\"section\" data-settings=\"{&quot;background_background&quot;:&quot;classic&quot;}\">\n\t\t\t\t\t\t<div class=\"elementor-container elementor-column-gap-default\">\n\t\t\t\t\t<div class=\"elementor-column elementor-col-100 elementor-top-column elementor-element elementor-element-732ba60\" data-id=\"732ba60\" data-element_type=\"column\" data-e-type=\"column\">\n\t\t\t<div class=\"elementor-widget-wrap elementor-element-populated\">\n\t\t\t\t\t\t<div class=\"elementor-element elementor-element-4167c10c elementor-widget elementor-widget-spacer\" data-id=\"4167c10c\" data-element_type=\"widget\" data-e-type=\"widget\" data-widget_type=\"spacer.default\">\n\t\t\t\t<div class=\"elementor-widget-container\">\n\t\t\t\t\t\t\t<div class=\"elementor-spacer\">\n\t\t\t<div class=\"elementor-spacer-inner\"><\/div>\n\t\t<\/div>\n\t\t\t\t\t\t<\/div>\n\t\t\t\t<\/div>\n\t\t\t\t<div class=\"elementor-element elementor-element-1e16ee01 elementor-widget elementor-widget-image\" data-id=\"1e16ee01\" data-element_type=\"widget\" data-e-type=\"widget\" data-widget_type=\"image.default\">\n\t\t\t\t<div class=\"elementor-widget-container\">\n\t\t\t\t\t\t\t\t\t\t\t\t\t\t\t<img decoding=\"async\" width=\"279\" height=\"80\" src=\"https:\/\/fitliv.com.br\/wp-content\/uploads\/2022\/03\/Fitliv-removebg-preview-1.png\" class=\"attachment-medium size-medium wp-image-127\" alt=\"\" \/>\t\t\t\t\t\t\t\t\t\t\t\t\t\t\t<\/div>\n\t\t\t\t<\/div>\n\t\t\t\t<div class=\"elementor-element elementor-element-8a39c5e elementor-widget elementor-widget-heading\" data-id=\"8a39c5e\" data-element_type=\"widget\" data-e-type=\"widget\" data-widget_type=\"heading.default\">\n\t\t\t\t<div class=\"elementor-widget-container\">\n\t\t\t\t\t<p class=\"elementor-heading-title elementor-size-small\"><a href=\"https:\/\/fitliv.com.br\/index.php\/politica-de-privacidade-2\/\">Pol\u00edticas de Privacidade<\/a><\/p>\t\t\t\t<\/div>\n\t\t\t\t<\/div>\n\t\t\t\t<div class=\"elementor-element elementor-element-53257c6c elementor-widget elementor-widget-heading\" data-id=\"53257c6c\" data-element_type=\"widget\" data-e-type=\"widget\" data-widget_type=\"heading.default\">\n\t\t\t\t<div class=\"elementor-widget-container\">\n\t\t\t\t\t<p class=\"elementor-heading-title elementor-size-small\"><a href=\"https:\/\/fitliv.com.br\/index.php\/termos-e-condicoes\/\">Termos e Condi\u00e7\u00f5es<\/a><\/p>\t\t\t\t<\/div>\n\t\t\t\t<\/div>\n\t\t\t\t<div class=\"elementor-element elementor-element-5e21b38 elementor-widget elementor-widget-heading\" data-id=\"5e21b38\" data-element_type=\"widget\" data-e-type=\"widget\" data-widget_type=\"heading.default\">\n\t\t\t\t<div class=\"elementor-widget-container\">\n\t\t\t\t\t<p class=\"elementor-heading-title elementor-size-small\"><a href=\"https:\/\/fitliv.com.br\/index.php\/aviso-lega\/\">Aviso Legal<\/a><\/p>\t\t\t\t<\/div>\n\t\t\t\t<\/div>\n\t\t\t\t<div class=\"elementor-element elementor-element-55a4ad98 elementor-widget elementor-widget-spacer\" data-id=\"55a4ad98\" data-element_type=\"widget\" data-e-type=\"widget\" data-widget_type=\"spacer.default\">\n\t\t\t\t<div class=\"elementor-widget-container\">\n\t\t\t\t\t\t\t<div class=\"elementor-spacer\">\n\t\t\t<div class=\"elementor-spacer-inner\"><\/div>\n\t\t<\/div>\n\t\t\t\t\t\t<\/div>\n\t\t\t\t<\/div>\n\t\t\t\t<div class=\"elementor-element elementor-element-43f9fddc elementor-widget elementor-widget-heading\" data-id=\"43f9fddc\" data-element_type=\"widget\" data-e-type=\"widget\" data-widget_type=\"heading.default\">\n\t\t\t\t<div class=\"elementor-widget-container\">\n\t\t\t\t\t<p class=\"elementor-heading-title elementor-size-small\">Formas de Pagamentos<\/p>\t\t\t\t<\/div>\n\t\t\t\t<\/div>\n\t\t\t\t<div class=\"elementor-element elementor-element-64924d1a elementor-widget elementor-widget-image\" data-id=\"64924d1a\" data-element_type=\"widget\" data-e-type=\"widget\" data-widget_type=\"image.default\">\n\t\t\t\t<div class=\"elementor-widget-container\">\n\t\t\t\t\t\t\t\t\t\t\t\t\t\t\t<img decoding=\"async\" width=\"300\" height=\"90\" src=\"https:\/\/fitliv.com.br\/wp-content\/uploads\/2022\/03\/formas_png_pagamento-300x90.webp\" class=\"attachment-medium size-medium wp-image-128\" alt=\"\" srcset=\"https:\/\/fitliv.com.br\/wp-content\/uploads\/2022\/03\/formas_png_pagamento-300x90.webp 300w, https:\/\/fitliv.com.br\/wp-content\/uploads\/2022\/03\/formas_png_pagamento-416x125.webp 416w, https:\/\/fitliv.com.br\/wp-content\/uploads\/2022\/03\/formas_png_pagamento.webp 620w\" sizes=\"(max-width: 300px) 100vw, 300px\" \/>\t\t\t\t\t\t\t\t\t\t\t\t\t\t\t<\/div>\n\t\t\t\t<\/div>\n\t\t\t\t<div class=\"elementor-element elementor-element-62570160 elementor-widget elementor-widget-heading\" data-id=\"62570160\" data-element_type=\"widget\" data-e-type=\"widget\" data-widget_type=\"heading.default\">\n\t\t\t\t<div class=\"elementor-widget-container\">\n\t\t\t\t\t<p class=\"elementor-heading-title elementor-size-small\">Site Seguro<\/p>\t\t\t\t<\/div>\n\t\t\t\t<\/div>\n\t\t\t\t<div class=\"elementor-element elementor-element-78da34d elementor-widget elementor-widget-image\" data-id=\"78da34d\" data-element_type=\"widget\" data-e-type=\"widget\" data-widget_type=\"image.default\">\n\t\t\t\t<div class=\"elementor-widget-container\">\n\t\t\t\t\t\t\t\t\t\t\t\t\t\t\t<img loading=\"lazy\" decoding=\"async\" width=\"752\" height=\"141\" src=\"https:\/\/fitliv.com.br\/wp-content\/uploads\/2022\/03\/selos-seguranca.png\" class=\"attachment-large size-large wp-image-131\" alt=\"\" srcset=\"https:\/\/fitliv.com.br\/wp-content\/uploads\/2022\/03\/selos-seguranca.png 752w, https:\/\/fitliv.com.br\/wp-content\/uploads\/2022\/03\/selos-seguranca-416x78.png 416w, https:\/\/fitliv.com.br\/wp-content\/uploads\/2022\/03\/selos-seguranca-300x56.png 300w\" sizes=\"(max-width: 752px) 100vw, 752px\" \/>\t\t\t\t\t\t\t\t\t\t\t\t\t\t\t<\/div>\n\t\t\t\t<\/div>\n\t\t\t\t<div class=\"elementor-element elementor-element-150fb7ad elementor-widget elementor-widget-heading\" data-id=\"150fb7ad\" data-element_type=\"widget\" data-e-type=\"widget\" data-widget_type=\"heading.default\">\n\t\t\t\t<div class=\"elementor-widget-container\">\n\t\t\t\t\t<p class=\"elementor-heading-title elementor-size-small\">\u00a9 2022 \u2013 FITLIV - Todos os direitos reservados<\/p>\t\t\t\t<\/div>\n\t\t\t\t<\/div>\n\t\t\t\t\t<\/div>\n\t\t<\/div>\n\t\t\t\t\t<\/div>\n\t\t<\/section>\n\t\t\t\t<\/div>\n\t\t","protected":false},"excerpt":{"rendered":"<p>Pol\u00edticas de Privacidade Termos e Condi\u00e7\u00f5es Aviso Legal Formas de Pagamentos Site Seguro \u00a9 2022 \u2013 FITLIV &#8211; Todos os direitos reservados<\/p>\n","protected":false},"author":1,"featured_media":0,"parent":0,"menu_order":0,"comment_status":"closed","ping_status":"closed","template":"elementor_canvas","meta":{"footnotes":""},"class_list":["post-1045","page","type-page","status-publish","hentry"],"_links":{"self":[{"href":"https:\/\/fitliv.com.br\/index.php\/wp-json\/wp\/v2\/pages\/1045","targetHints":{"allow":["GET"]}}],"collection":[{"href":"https:\/\/fitliv.com.br\/index.php\/wp-json\/wp\/v2\/pages"}],"about":[{"href":"https:\/\/fitliv.com.br\/index.php\/wp-json\/wp\/v2\/types\/page"}],"author":[{"embeddable":true,"href":"https:\/\/fitliv.com.br\/index.php\/wp-json\/wp\/v2\/users\/1"}],"replies":[{"embeddable":true,"href":"https:\/\/fitliv.com.br\/index.php\/wp-json\/wp\/v2\/comments?post=1045"}],"version-history":[{"count":4,"href":"https:\/\/fitliv.com.br\/index.php\/wp-json\/wp\/v2\/pages\/1045\/revisions"}],"predecessor-version":[{"id":1050,"href":"https:\/\/fitliv.com.br\/index.php\/wp-json\/wp\/v2\/pages\/1045\/revisions\/1050"}],"wp:attachment":[{"href":"https:\/\/fitliv.com.br\/index.php\/wp-json\/wp\/v2\/media?parent=1045"}],"curies":[{"name":"wp","href":"https:\/\/api.w.org\/{rel}","templated":true}]}}