{"id":1075,"date":"2022-11-07T16:32:16","date_gmt":"2022-11-07T19:32:16","guid":{"rendered":"https:\/\/fitliv.com.br\/?page_id=1075"},"modified":"2022-11-07T16:33:07","modified_gmt":"2022-11-07T19:33:07","slug":"elementor-1075","status":"publish","type":"page","link":"https:\/\/fitliv.com.br\/index.php\/elementor-1075\/","title":{"rendered":"Elementor #1075"},"content":{"rendered":"\t\t<div data-elementor-type=\"wp-page\" data-elementor-id=\"1075\" class=\"elementor elementor-1075\" data-elementor-post-type=\"page\">\n\t\t\t\t\t\t<section class=\"elementor-section elementor-top-section elementor-element elementor-element-2a8aa15c elementor-section-boxed elementor-section-height-default elementor-section-height-default\" data-id=\"2a8aa15c\" data-element_type=\"section\" data-e-type=\"section\" data-settings=\"{&quot;background_background&quot;:&quot;classic&quot;}\">\n\t\t\t\t\t\t<div class=\"elementor-container elementor-column-gap-default\">\n\t\t\t\t\t<div class=\"elementor-column elementor-col-100 elementor-top-column elementor-element elementor-element-4d5e0877\" data-id=\"4d5e0877\" data-element_type=\"column\" data-e-type=\"column\">\n\t\t\t<div class=\"elementor-widget-wrap elementor-element-populated\">\n\t\t\t\t\t\t<div class=\"elementor-element elementor-element-693bb153 elementor-widget elementor-widget-image\" data-id=\"693bb153\" data-element_type=\"widget\" data-e-type=\"widget\" data-widget_type=\"image.default\">\n\t\t\t\t<div class=\"elementor-widget-container\">\n\t\t\t\t\t\t\t\t\t\t\t\t\t\t\t<img fetchpriority=\"high\" decoding=\"async\" width=\"640\" height=\"1024\" src=\"https:\/\/fitliv.com.br\/wp-content\/uploads\/2022\/11\/Uhul-Pedido-em-transporte-NOME_-36-640x1024.png\" class=\"attachment-large size-large wp-image-1077\" alt=\"\" srcset=\"https:\/\/fitliv.com.br\/wp-content\/uploads\/2022\/11\/Uhul-Pedido-em-transporte-NOME_-36-640x1024.png 640w, https:\/\/fitliv.com.br\/wp-content\/uploads\/2022\/11\/Uhul-Pedido-em-transporte-NOME_-36-416x666.png 416w, https:\/\/fitliv.com.br\/wp-content\/uploads\/2022\/11\/Uhul-Pedido-em-transporte-NOME_-36-188x300.png 188w, https:\/\/fitliv.com.br\/wp-content\/uploads\/2022\/11\/Uhul-Pedido-em-transporte-NOME_-36.png 700w\" sizes=\"(max-width: 640px) 100vw, 640px\" \/>\t\t\t\t\t\t\t\t\t\t\t\t\t\t\t<\/div>\n\t\t\t\t<\/div>\n\t\t\t\t\t<\/div>\n\t\t<\/div>\n\t\t\t\t\t<\/div>\n\t\t<\/section>\n\t\t\t\t<section class=\"elementor-section elementor-top-section elementor-element elementor-element-6cebb95b elementor-section-boxed elementor-section-height-default elementor-section-height-default\" data-id=\"6cebb95b\" data-element_type=\"section\" data-e-type=\"section\" data-settings=\"{&quot;background_background&quot;:&quot;classic&quot;}\">\n\t\t\t\t\t\t<div class=\"elementor-container elementor-column-gap-default\">\n\t\t\t\t\t<div class=\"elementor-column elementor-col-100 elementor-top-column elementor-element elementor-element-44b86bac\" data-id=\"44b86bac\" data-element_type=\"column\" data-e-type=\"column\">\n\t\t\t<div class=\"elementor-widget-wrap elementor-element-populated\">\n\t\t\t\t\t\t<div class=\"elementor-element elementor-element-1d7e5e1c elementor-widget elementor-widget-spacer\" data-id=\"1d7e5e1c\" data-element_type=\"widget\" data-e-type=\"widget\" data-widget_type=\"spacer.default\">\n\t\t\t\t<div class=\"elementor-widget-container\">\n\t\t\t\t\t\t\t<div class=\"elementor-spacer\">\n\t\t\t<div class=\"elementor-spacer-inner\"><\/div>\n\t\t<\/div>\n\t\t\t\t\t\t<\/div>\n\t\t\t\t<\/div>\n\t\t\t\t<div class=\"elementor-element elementor-element-1994da8 elementor-widget elementor-widget-image\" data-id=\"1994da8\" data-element_type=\"widget\" data-e-type=\"widget\" data-widget_type=\"image.default\">\n\t\t\t\t<div class=\"elementor-widget-container\">\n\t\t\t\t\t\t\t\t\t\t\t\t\t\t\t<img decoding=\"async\" width=\"279\" height=\"80\" src=\"https:\/\/fitliv.com.br\/wp-content\/uploads\/2022\/03\/Fitliv-removebg-preview-1.png\" class=\"attachment-medium size-medium wp-image-127\" alt=\"\" \/>\t\t\t\t\t\t\t\t\t\t\t\t\t\t\t<\/div>\n\t\t\t\t<\/div>\n\t\t\t\t<div class=\"elementor-element elementor-element-6a7342 elementor-widget elementor-widget-heading\" data-id=\"6a7342\" data-element_type=\"widget\" data-e-type=\"widget\" data-widget_type=\"heading.default\">\n\t\t\t\t<div class=\"elementor-widget-container\">\n\t\t\t\t\t<p class=\"elementor-heading-title elementor-size-small\"><a href=\"https:\/\/fitliv.com.br\/index.php\/politica-de-privacidade-2\/\">Pol\u00edticas de Privacidade<\/a><\/p>\t\t\t\t<\/div>\n\t\t\t\t<\/div>\n\t\t\t\t<div class=\"elementor-element elementor-element-5db2b03d elementor-widget elementor-widget-heading\" data-id=\"5db2b03d\" data-element_type=\"widget\" data-e-type=\"widget\" data-widget_type=\"heading.default\">\n\t\t\t\t<div class=\"elementor-widget-container\">\n\t\t\t\t\t<p class=\"elementor-heading-title elementor-size-small\"><a href=\"https:\/\/fitliv.com.br\/index.php\/termos-e-condicoes\/\">Termos e Condi\u00e7\u00f5es<\/a><\/p>\t\t\t\t<\/div>\n\t\t\t\t<\/div>\n\t\t\t\t<div class=\"elementor-element elementor-element-94e2d4b elementor-widget elementor-widget-heading\" data-id=\"94e2d4b\" data-element_type=\"widget\" data-e-type=\"widget\" data-widget_type=\"heading.default\">\n\t\t\t\t<div class=\"elementor-widget-container\">\n\t\t\t\t\t<p class=\"elementor-heading-title elementor-size-small\"><a href=\"https:\/\/fitliv.com.br\/index.php\/aviso-lega\/\">Aviso Legal<\/a><\/p>\t\t\t\t<\/div>\n\t\t\t\t<\/div>\n\t\t\t\t<div class=\"elementor-element elementor-element-478face1 elementor-widget elementor-widget-spacer\" data-id=\"478face1\" data-element_type=\"widget\" data-e-type=\"widget\" data-widget_type=\"spacer.default\">\n\t\t\t\t<div class=\"elementor-widget-container\">\n\t\t\t\t\t\t\t<div class=\"elementor-spacer\">\n\t\t\t<div class=\"elementor-spacer-inner\"><\/div>\n\t\t<\/div>\n\t\t\t\t\t\t<\/div>\n\t\t\t\t<\/div>\n\t\t\t\t<div class=\"elementor-element elementor-element-38ff1a5a elementor-widget elementor-widget-heading\" data-id=\"38ff1a5a\" data-element_type=\"widget\" data-e-type=\"widget\" data-widget_type=\"heading.default\">\n\t\t\t\t<div class=\"elementor-widget-container\">\n\t\t\t\t\t<p class=\"elementor-heading-title elementor-size-small\">Formas de Pagamentos<\/p>\t\t\t\t<\/div>\n\t\t\t\t<\/div>\n\t\t\t\t<div class=\"elementor-element elementor-element-2b34112b elementor-widget elementor-widget-image\" data-id=\"2b34112b\" data-element_type=\"widget\" data-e-type=\"widget\" data-widget_type=\"image.default\">\n\t\t\t\t<div class=\"elementor-widget-container\">\n\t\t\t\t\t\t\t\t\t\t\t\t\t\t\t<img decoding=\"async\" width=\"300\" height=\"90\" src=\"https:\/\/fitliv.com.br\/wp-content\/uploads\/2022\/03\/formas_png_pagamento-300x90.webp\" class=\"attachment-medium size-medium wp-image-128\" alt=\"\" srcset=\"https:\/\/fitliv.com.br\/wp-content\/uploads\/2022\/03\/formas_png_pagamento-300x90.webp 300w, https:\/\/fitliv.com.br\/wp-content\/uploads\/2022\/03\/formas_png_pagamento-416x125.webp 416w, https:\/\/fitliv.com.br\/wp-content\/uploads\/2022\/03\/formas_png_pagamento.webp 620w\" sizes=\"(max-width: 300px) 100vw, 300px\" \/>\t\t\t\t\t\t\t\t\t\t\t\t\t\t\t<\/div>\n\t\t\t\t<\/div>\n\t\t\t\t<div class=\"elementor-element elementor-element-7173cf9d elementor-widget elementor-widget-heading\" data-id=\"7173cf9d\" data-element_type=\"widget\" data-e-type=\"widget\" data-widget_type=\"heading.default\">\n\t\t\t\t<div class=\"elementor-widget-container\">\n\t\t\t\t\t<p class=\"elementor-heading-title elementor-size-small\">Site Seguro<\/p>\t\t\t\t<\/div>\n\t\t\t\t<\/div>\n\t\t\t\t<div class=\"elementor-element elementor-element-389ce7f1 elementor-widget elementor-widget-image\" data-id=\"389ce7f1\" data-element_type=\"widget\" data-e-type=\"widget\" data-widget_type=\"image.default\">\n\t\t\t\t<div class=\"elementor-widget-container\">\n\t\t\t\t\t\t\t\t\t\t\t\t\t\t\t<img loading=\"lazy\" decoding=\"async\" width=\"752\" height=\"141\" src=\"https:\/\/fitliv.com.br\/wp-content\/uploads\/2022\/03\/selos-seguranca.png\" class=\"attachment-large size-large wp-image-131\" alt=\"\" srcset=\"https:\/\/fitliv.com.br\/wp-content\/uploads\/2022\/03\/selos-seguranca.png 752w, https:\/\/fitliv.com.br\/wp-content\/uploads\/2022\/03\/selos-seguranca-416x78.png 416w, https:\/\/fitliv.com.br\/wp-content\/uploads\/2022\/03\/selos-seguranca-300x56.png 300w\" sizes=\"(max-width: 752px) 100vw, 752px\" \/>\t\t\t\t\t\t\t\t\t\t\t\t\t\t\t<\/div>\n\t\t\t\t<\/div>\n\t\t\t\t<div class=\"elementor-element elementor-element-2a90790e elementor-widget elementor-widget-heading\" data-id=\"2a90790e\" data-element_type=\"widget\" data-e-type=\"widget\" data-widget_type=\"heading.default\">\n\t\t\t\t<div class=\"elementor-widget-container\">\n\t\t\t\t\t<p class=\"elementor-heading-title elementor-size-small\">\u00a9 2022 \u2013 FITLIV - Todos os direitos reservados<\/p>\t\t\t\t<\/div>\n\t\t\t\t<\/div>\n\t\t\t\t\t<\/div>\n\t\t<\/div>\n\t\t\t\t\t<\/div>\n\t\t<\/section>\n\t\t\t\t<\/div>\n\t\t","protected":false},"excerpt":{"rendered":"<p>Pol\u00edticas de Privacidade Termos e Condi\u00e7\u00f5es Aviso Legal Formas de Pagamentos Site Seguro \u00a9 2022 \u2013 FITLIV &#8211; Todos os direitos reservados<\/p>\n","protected":false},"author":1,"featured_media":0,"parent":0,"menu_order":0,"comment_status":"closed","ping_status":"closed","template":"elementor_canvas","meta":{"footnotes":""},"class_list":["post-1075","page","type-page","status-publish","hentry"],"_links":{"self":[{"href":"https:\/\/fitliv.com.br\/index.php\/wp-json\/wp\/v2\/pages\/1075","targetHints":{"allow":["GET"]}}],"collection":[{"href":"https:\/\/fitliv.com.br\/index.php\/wp-json\/wp\/v2\/pages"}],"about":[{"href":"https:\/\/fitliv.com.br\/index.php\/wp-json\/wp\/v2\/types\/page"}],"author":[{"embeddable":true,"href":"https:\/\/fitliv.com.br\/index.php\/wp-json\/wp\/v2\/users\/1"}],"replies":[{"embeddable":true,"href":"https:\/\/fitliv.com.br\/index.php\/wp-json\/wp\/v2\/comments?post=1075"}],"version-history":[{"count":4,"href":"https:\/\/fitliv.com.br\/index.php\/wp-json\/wp\/v2\/pages\/1075\/revisions"}],"predecessor-version":[{"id":1080,"href":"https:\/\/fitliv.com.br\/index.php\/wp-json\/wp\/v2\/pages\/1075\/revisions\/1080"}],"wp:attachment":[{"href":"https:\/\/fitliv.com.br\/index.php\/wp-json\/wp\/v2\/media?parent=1075"}],"curies":[{"name":"wp","href":"https:\/\/api.w.org\/{rel}","templated":true}]}}