{"id":1526,"date":"2024-04-17T23:54:15","date_gmt":"2024-04-18T02:54:15","guid":{"rendered":"https:\/\/fitliv.com.br\/?page_id=1526"},"modified":"2024-04-17T23:55:39","modified_gmt":"2024-04-18T02:55:39","slug":"1526a1s5d165148481815158","status":"publish","type":"page","link":"https:\/\/fitliv.com.br\/index.php\/1526a1s5d165148481815158\/","title":{"rendered":"Elementor #1526"},"content":{"rendered":"\t\t<div data-elementor-type=\"wp-page\" data-elementor-id=\"1526\" class=\"elementor elementor-1526\" data-elementor-post-type=\"page\">\n\t\t\t\t\t\t<section class=\"elementor-section elementor-top-section elementor-element elementor-element-fb5e972 elementor-section-boxed elementor-section-height-default elementor-section-height-default\" data-id=\"fb5e972\" data-element_type=\"section\" data-e-type=\"section\" data-settings=\"{&quot;background_background&quot;:&quot;classic&quot;}\">\n\t\t\t\t\t\t<div class=\"elementor-container elementor-column-gap-default\">\n\t\t\t\t\t<div class=\"elementor-column elementor-col-100 elementor-top-column elementor-element elementor-element-a8e47e9\" data-id=\"a8e47e9\" data-element_type=\"column\" data-e-type=\"column\">\n\t\t\t<div class=\"elementor-widget-wrap elementor-element-populated\">\n\t\t\t\t\t\t<div class=\"elementor-element elementor-element-657c366 elementor-widget elementor-widget-image\" data-id=\"657c366\" data-element_type=\"widget\" data-e-type=\"widget\" data-widget_type=\"image.default\">\n\t\t\t\t<div class=\"elementor-widget-container\">\n\t\t\t\t\t\t\t\t\t\t\t\t\t\t\t<img fetchpriority=\"high\" decoding=\"async\" width=\"640\" height=\"1024\" src=\"https:\/\/fitliv.com.br\/wp-content\/uploads\/2024\/04\/Testimonials-6-640x1024.png\" class=\"attachment-large size-large wp-image-1528\" alt=\"\" srcset=\"https:\/\/fitliv.com.br\/wp-content\/uploads\/2024\/04\/Testimonials-6-640x1024.png 640w, https:\/\/fitliv.com.br\/wp-content\/uploads\/2024\/04\/Testimonials-6-188x300.png 188w, https:\/\/fitliv.com.br\/wp-content\/uploads\/2024\/04\/Testimonials-6.png 700w\" sizes=\"(max-width: 640px) 100vw, 640px\" \/>\t\t\t\t\t\t\t\t\t\t\t\t\t\t\t<\/div>\n\t\t\t\t<\/div>\n\t\t\t\t\t<\/div>\n\t\t<\/div>\n\t\t\t\t\t<\/div>\n\t\t<\/section>\n\t\t\t\t<section class=\"elementor-section elementor-top-section elementor-element elementor-element-2806b507 elementor-section-boxed elementor-section-height-default elementor-section-height-default\" data-id=\"2806b507\" data-element_type=\"section\" data-e-type=\"section\" data-settings=\"{&quot;background_background&quot;:&quot;classic&quot;}\">\n\t\t\t\t\t\t<div class=\"elementor-container elementor-column-gap-default\">\n\t\t\t\t\t<div class=\"elementor-column elementor-col-100 elementor-top-column elementor-element elementor-element-16c6b86b\" data-id=\"16c6b86b\" data-element_type=\"column\" data-e-type=\"column\">\n\t\t\t<div class=\"elementor-widget-wrap elementor-element-populated\">\n\t\t\t\t\t\t<div class=\"elementor-element elementor-element-4b6dbe54 elementor-widget elementor-widget-spacer\" data-id=\"4b6dbe54\" data-element_type=\"widget\" data-e-type=\"widget\" data-widget_type=\"spacer.default\">\n\t\t\t\t<div class=\"elementor-widget-container\">\n\t\t\t\t\t\t\t<div class=\"elementor-spacer\">\n\t\t\t<div class=\"elementor-spacer-inner\"><\/div>\n\t\t<\/div>\n\t\t\t\t\t\t<\/div>\n\t\t\t\t<\/div>\n\t\t\t\t<div class=\"elementor-element elementor-element-7bd41f7a elementor-widget elementor-widget-image\" data-id=\"7bd41f7a\" data-element_type=\"widget\" data-e-type=\"widget\" data-widget_type=\"image.default\">\n\t\t\t\t<div class=\"elementor-widget-container\">\n\t\t\t\t\t\t\t\t\t\t\t\t\t\t\t<img decoding=\"async\" width=\"279\" height=\"80\" src=\"https:\/\/fitliv.com.br\/wp-content\/uploads\/2022\/03\/Fitliv-removebg-preview-1.png\" class=\"attachment-medium size-medium wp-image-127\" alt=\"\" \/>\t\t\t\t\t\t\t\t\t\t\t\t\t\t\t<\/div>\n\t\t\t\t<\/div>\n\t\t\t\t<div class=\"elementor-element elementor-element-b0dd40f elementor-widget elementor-widget-heading\" data-id=\"b0dd40f\" data-element_type=\"widget\" data-e-type=\"widget\" data-widget_type=\"heading.default\">\n\t\t\t\t<div class=\"elementor-widget-container\">\n\t\t\t\t\t<p class=\"elementor-heading-title elementor-size-small\"><a href=\"https:\/\/fitliv.com.br\/index.php\/politica-de-privacidade-2\/\">Pol\u00edticas de Privacidade<\/a><\/p>\t\t\t\t<\/div>\n\t\t\t\t<\/div>\n\t\t\t\t<div class=\"elementor-element elementor-element-23ad39bc elementor-widget elementor-widget-heading\" data-id=\"23ad39bc\" data-element_type=\"widget\" data-e-type=\"widget\" data-widget_type=\"heading.default\">\n\t\t\t\t<div class=\"elementor-widget-container\">\n\t\t\t\t\t<p class=\"elementor-heading-title elementor-size-small\"><a href=\"https:\/\/fitliv.com.br\/index.php\/termos-e-condicoes\/\">Termos e Condi\u00e7\u00f5es<\/a><\/p>\t\t\t\t<\/div>\n\t\t\t\t<\/div>\n\t\t\t\t<div class=\"elementor-element elementor-element-2e1e084d elementor-widget elementor-widget-heading\" data-id=\"2e1e084d\" data-element_type=\"widget\" data-e-type=\"widget\" data-widget_type=\"heading.default\">\n\t\t\t\t<div class=\"elementor-widget-container\">\n\t\t\t\t\t<p class=\"elementor-heading-title elementor-size-small\"><a href=\"https:\/\/fitliv.com.br\/index.php\/aviso-lega\/\">Aviso Legal<\/a><\/p>\t\t\t\t<\/div>\n\t\t\t\t<\/div>\n\t\t\t\t<div class=\"elementor-element elementor-element-1791d37c elementor-widget elementor-widget-heading\" data-id=\"1791d37c\" data-element_type=\"widget\" data-e-type=\"widget\" data-widget_type=\"heading.default\">\n\t\t\t\t<div class=\"elementor-widget-container\">\n\t\t\t\t\t<p class=\"elementor-heading-title elementor-size-small\">Formas de Pagamentos<\/p>\t\t\t\t<\/div>\n\t\t\t\t<\/div>\n\t\t\t\t<div class=\"elementor-element elementor-element-2a0a250b elementor-widget elementor-widget-heading\" data-id=\"2a0a250b\" data-element_type=\"widget\" data-e-type=\"widget\" data-widget_type=\"heading.default\">\n\t\t\t\t<div class=\"elementor-widget-container\">\n\t\t\t\t\t<p class=\"elementor-heading-title elementor-size-small\">Site Seguro<\/p>\t\t\t\t<\/div>\n\t\t\t\t<\/div>\n\t\t\t\t<div class=\"elementor-element elementor-element-4cafd319 elementor-widget elementor-widget-heading\" data-id=\"4cafd319\" data-element_type=\"widget\" data-e-type=\"widget\" data-widget_type=\"heading.default\">\n\t\t\t\t<div class=\"elementor-widget-container\">\n\t\t\t\t\t<p class=\"elementor-heading-title elementor-size-small\">\u00a9 2022 \u2013 FITLIV - Todos os direitos reservados<\/p>\t\t\t\t<\/div>\n\t\t\t\t<\/div>\n\t\t\t\t\t<\/div>\n\t\t<\/div>\n\t\t\t\t\t<\/div>\n\t\t<\/section>\n\t\t\t\t<\/div>\n\t\t","protected":false},"excerpt":{"rendered":"<p>Pol\u00edticas de Privacidade Termos e Condi\u00e7\u00f5es Aviso Legal Formas de Pagamentos Site Seguro \u00a9 2022 \u2013 FITLIV &#8211; Todos os direitos reservados<\/p>\n","protected":false},"author":1,"featured_media":0,"parent":0,"menu_order":0,"comment_status":"closed","ping_status":"closed","template":"elementor_canvas","meta":{"footnotes":""},"class_list":["post-1526","page","type-page","status-publish","hentry"],"_links":{"self":[{"href":"https:\/\/fitliv.com.br\/index.php\/wp-json\/wp\/v2\/pages\/1526","targetHints":{"allow":["GET"]}}],"collection":[{"href":"https:\/\/fitliv.com.br\/index.php\/wp-json\/wp\/v2\/pages"}],"about":[{"href":"https:\/\/fitliv.com.br\/index.php\/wp-json\/wp\/v2\/types\/page"}],"author":[{"embeddable":true,"href":"https:\/\/fitliv.com.br\/index.php\/wp-json\/wp\/v2\/users\/1"}],"replies":[{"embeddable":true,"href":"https:\/\/fitliv.com.br\/index.php\/wp-json\/wp\/v2\/comments?post=1526"}],"version-history":[{"count":4,"href":"https:\/\/fitliv.com.br\/index.php\/wp-json\/wp\/v2\/pages\/1526\/revisions"}],"predecessor-version":[{"id":1531,"href":"https:\/\/fitliv.com.br\/index.php\/wp-json\/wp\/v2\/pages\/1526\/revisions\/1531"}],"wp:attachment":[{"href":"https:\/\/fitliv.com.br\/index.php\/wp-json\/wp\/v2\/media?parent=1526"}],"curies":[{"name":"wp","href":"https:\/\/api.w.org\/{rel}","templated":true}]}}