{"id":175,"date":"2022-03-15T14:37:57","date_gmt":"2022-03-15T17:37:57","guid":{"rendered":"https:\/\/fitliv.com.br\/?page_id=175"},"modified":"2022-03-15T14:39:28","modified_gmt":"2022-03-15T17:39:28","slug":"aviso-lega","status":"publish","type":"page","link":"https:\/\/fitliv.com.br\/index.php\/aviso-lega\/","title":{"rendered":"Aviso Lega"},"content":{"rendered":"\t\t<div data-elementor-type=\"wp-page\" data-elementor-id=\"175\" class=\"elementor elementor-175\" data-elementor-post-type=\"page\">\n\t\t\t\t\t\t<section class=\"elementor-section elementor-top-section elementor-element elementor-element-5bd6f28 elementor-section-boxed elementor-section-height-default elementor-section-height-default\" data-id=\"5bd6f28\" data-element_type=\"section\" data-e-type=\"section\">\n\t\t\t\t\t\t<div class=\"elementor-container elementor-column-gap-default\">\n\t\t\t\t\t<div class=\"elementor-column elementor-col-100 elementor-top-column elementor-element elementor-element-9fb25ce\" data-id=\"9fb25ce\" data-element_type=\"column\" data-e-type=\"column\">\n\t\t\t<div class=\"elementor-widget-wrap elementor-element-populated\">\n\t\t\t\t\t\t<div class=\"elementor-element elementor-element-a3f6fcc elementor-widget elementor-widget-heading\" data-id=\"a3f6fcc\" data-element_type=\"widget\" data-e-type=\"widget\" data-widget_type=\"heading.default\">\n\t\t\t\t<div class=\"elementor-widget-container\">\n\t\t\t\t\t<h6 class=\"elementor-heading-title elementor-size-default\">Aviso Legal<\/h6>\t\t\t\t<\/div>\n\t\t\t\t<\/div>\n\t\t\t\t<div class=\"elementor-element elementor-element-b377011 elementor-widget elementor-widget-text-editor\" data-id=\"b377011\" data-element_type=\"widget\" data-e-type=\"widget\" data-widget_type=\"text-editor.default\">\n\t\t\t\t<div class=\"elementor-widget-container\">\n\t\t\t\t\t\t\t\t\t<div class=\"elementor-element elementor-element-bfa8497 elementor-widget elementor-widget-text-editor\" data-id=\"bfa8497\" data-element_type=\"widget\" data-widget_type=\"text-editor.default\"><div class=\"elementor-widget-container\"><p>\u00c9 expressamente proibida a c\u00f3pia ou reprodu\u00e7\u00e3o de todas as imagens e textos deste site, ficando os infratores sujeitos as penalidades cab\u00edveis. Venda proibida para menores de 19 anos. F\u00f3rmula desenvolvida por profissional habilitado, com dosagens dentro dos padr\u00f5es usuais.<\/p><\/div><\/div><div class=\"elementor-element elementor-element-0ea97e5 elementor-widget elementor-widget-text-editor\" data-id=\"0ea97e5\" data-element_type=\"widget\" data-widget_type=\"text-editor.default\"><div class=\"elementor-widget-container\">Os resultados podem variar de pessoa para pessoa e n\u00e3o s\u00e3o garantidos. As informa\u00e7\u00f5es e sugest\u00f5es contidas neste site n\u00e3o substituem o aconselhamento e o acompanhamento de m\u00e9dicos, nutricionistas, psic\u00f3logos, profissionais de educa\u00e7\u00e3o f\u00edsica e outros especialistas.<\/div><\/div>\t\t\t\t\t\t\t\t<\/div>\n\t\t\t\t<\/div>\n\t\t\t\t\t<\/div>\n\t\t<\/div>\n\t\t\t\t\t<\/div>\n\t\t<\/section>\n\t\t\t\t<\/div>\n\t\t","protected":false},"excerpt":{"rendered":"<p>Aviso Legal \u00c9 expressamente proibida a c\u00f3pia ou reprodu\u00e7\u00e3o de todas as imagens e textos deste site, ficando os infratores sujeitos as penalidades cab\u00edveis. Venda proibida para menores de 19 anos. F\u00f3rmula desenvolvida por profissional habilitado, com dosagens dentro dos padr\u00f5es usuais. Os resultados podem variar de pessoa para pessoa e n\u00e3o s\u00e3o garantidos. As [&hellip;]<\/p>\n","protected":false},"author":1,"featured_media":0,"parent":0,"menu_order":0,"comment_status":"closed","ping_status":"closed","template":"elementor_canvas","meta":{"footnotes":""},"class_list":["post-175","page","type-page","status-publish","hentry"],"_links":{"self":[{"href":"https:\/\/fitliv.com.br\/index.php\/wp-json\/wp\/v2\/pages\/175","targetHints":{"allow":["GET"]}}],"collection":[{"href":"https:\/\/fitliv.com.br\/index.php\/wp-json\/wp\/v2\/pages"}],"about":[{"href":"https:\/\/fitliv.com.br\/index.php\/wp-json\/wp\/v2\/types\/page"}],"author":[{"embeddable":true,"href":"https:\/\/fitliv.com.br\/index.php\/wp-json\/wp\/v2\/users\/1"}],"replies":[{"embeddable":true,"href":"https:\/\/fitliv.com.br\/index.php\/wp-json\/wp\/v2\/comments?post=175"}],"version-history":[{"count":0,"href":"https:\/\/fitliv.com.br\/index.php\/wp-json\/wp\/v2\/pages\/175\/revisions"}],"wp:attachment":[{"href":"https:\/\/fitliv.com.br\/index.php\/wp-json\/wp\/v2\/media?parent=175"}],"curies":[{"name":"wp","href":"https:\/\/api.w.org\/{rel}","templated":true}]}}