{"id":455,"date":"2022-04-09T00:26:36","date_gmt":"2022-04-09T03:26:36","guid":{"rendered":"https:\/\/fitliv.com.br\/?page_id=455"},"modified":"2024-05-22T23:37:19","modified_gmt":"2024-05-23T02:37:19","slug":"promo","status":"publish","type":"page","link":"https:\/\/fitliv.com.br\/index.php\/promo\/","title":{"rendered":"Promo"},"content":{"rendered":"\t\t<div data-elementor-type=\"wp-page\" data-elementor-id=\"455\" class=\"elementor elementor-455\" data-elementor-post-type=\"page\">\n\t\t\t\t\t\t<section class=\"elementor-section elementor-top-section elementor-element elementor-element-8a17ba4 elementor-section-boxed elementor-section-height-default elementor-section-height-default\" data-id=\"8a17ba4\" data-element_type=\"section\" data-e-type=\"section\" data-settings=\"{&quot;background_background&quot;:&quot;classic&quot;}\">\n\t\t\t\t\t\t<div class=\"elementor-container elementor-column-gap-default\">\n\t\t\t\t\t<div class=\"elementor-column elementor-col-100 elementor-top-column elementor-element elementor-element-bef5539\" data-id=\"bef5539\" data-element_type=\"column\" data-e-type=\"column\">\n\t\t\t<div class=\"elementor-widget-wrap elementor-element-populated\">\n\t\t\t\t\t\t<div class=\"elementor-element elementor-element-5bbcb8d elementor-widget elementor-widget-heading\" data-id=\"5bbcb8d\" data-element_type=\"widget\" data-e-type=\"widget\" data-widget_type=\"heading.default\">\n\t\t\t\t<div class=\"elementor-widget-container\">\n\t\t\t\t\t<h3 class=\"elementor-heading-title elementor-size-default\">Aproveite Desconto Exclusivo: Oferta por Tempo Limitado!<\/h3>\t\t\t\t<\/div>\n\t\t\t\t<\/div>\n\t\t\t\t\t<\/div>\n\t\t<\/div>\n\t\t\t\t\t<\/div>\n\t\t<\/section>\n\t\t\t\t<section class=\"elementor-section elementor-top-section elementor-element elementor-element-c76bc78 elementor-section-boxed elementor-section-height-default elementor-section-height-default\" data-id=\"c76bc78\" data-element_type=\"section\" data-e-type=\"section\">\n\t\t\t\t\t\t<div class=\"elementor-container elementor-column-gap-default\">\n\t\t\t\t\t<div class=\"elementor-column elementor-col-100 elementor-top-column elementor-element elementor-element-69015bc\" data-id=\"69015bc\" data-element_type=\"column\" data-e-type=\"column\">\n\t\t\t<div class=\"elementor-widget-wrap elementor-element-populated\">\n\t\t\t\t\t\t<div class=\"elementor-element elementor-element-66a6dda elementor-countdown--label-block elementor-widget elementor-widget-countdown\" data-id=\"66a6dda\" data-element_type=\"widget\" data-e-type=\"widget\" data-widget_type=\"countdown.default\">\n\t\t\t\t<div class=\"elementor-widget-container\">\n\t\t\t\t\t\t\t<div data-evergreen-interval=\"169500\" class=\"elementor-countdown-wrapper\" data-date=\"\">\n\t\t\t<div class=\"elementor-countdown-item\"><span class=\"elementor-countdown-digits elementor-countdown-minutes\"><\/span> <span class=\"elementor-countdown-label\">Minutos<\/span><\/div><div class=\"elementor-countdown-item\"><span class=\"elementor-countdown-digits elementor-countdown-seconds\"><\/span> <span class=\"elementor-countdown-label\">Segundos<\/span><\/div>\t\t<\/div>\n\t\t\t\t\t\t<\/div>\n\t\t\t\t<\/div>\n\t\t\t\t<div class=\"elementor-element elementor-element-ae983c0 elementor-widget elementor-widget-image\" data-id=\"ae983c0\" data-element_type=\"widget\" data-e-type=\"widget\" data-widget_type=\"image.default\">\n\t\t\t\t<div class=\"elementor-widget-container\">\n\t\t\t\t\t\t\t\t\t\t\t\t\t\t\t\t<a href=\"https:\/\/fitliv.pay.yampi.com.br\/r\/HT9FC5XHPZ\">\n\t\t\t\t\t\t\t<img fetchpriority=\"high\" decoding=\"async\" width=\"640\" height=\"1024\" src=\"https:\/\/fitliv.com.br\/wp-content\/uploads\/2024\/05\/4-640x1024.png\" class=\"attachment-large size-large wp-image-1555\" alt=\"\" srcset=\"https:\/\/fitliv.com.br\/wp-content\/uploads\/2024\/05\/4-640x1024.png 640w, https:\/\/fitliv.com.br\/wp-content\/uploads\/2024\/05\/4-188x300.png 188w, https:\/\/fitliv.com.br\/wp-content\/uploads\/2024\/05\/4.png 700w\" sizes=\"(max-width: 640px) 100vw, 640px\" \/>\t\t\t\t\t\t\t\t<\/a>\n\t\t\t\t\t\t\t\t\t\t\t\t\t\t\t<\/div>\n\t\t\t\t<\/div>\n\t\t\t\t<div class=\"elementor-element elementor-element-989eb62 elementor-align-center elementor-widget elementor-widget-button\" data-id=\"989eb62\" data-element_type=\"widget\" data-e-type=\"widget\" data-widget_type=\"button.default\">\n\t\t\t\t<div class=\"elementor-widget-container\">\n\t\t\t\t\t\t\t\t\t<div class=\"elementor-button-wrapper\">\n\t\t\t\t\t<a class=\"elementor-button elementor-button-link elementor-size-sm\" href=\"https:\/\/fitliv.pay.yampi.com.br\/r\/CCLCN9499Z\">\n\t\t\t\t\t\t<span class=\"elementor-button-content-wrapper\">\n\t\t\t\t\t\t\t\t\t<span class=\"elementor-button-text\">COMPRE AGORA<\/span>\n\t\t\t\t\t<\/span>\n\t\t\t\t\t<\/a>\n\t\t\t\t<\/div>\n\t\t\t\t\t\t\t\t<\/div>\n\t\t\t\t<\/div>\n\t\t\t\t<div class=\"elementor-element elementor-element-9cabc94 elementor-widget elementor-widget-image\" data-id=\"9cabc94\" data-element_type=\"widget\" data-e-type=\"widget\" data-widget_type=\"image.default\">\n\t\t\t\t<div class=\"elementor-widget-container\">\n\t\t\t\t\t\t\t\t\t\t\t\t\t\t\t\t<a href=\"https:\/\/fitliv.pay.yampi.com.br\/r\/QRUR9C5V2B\">\n\t\t\t\t\t\t\t<img decoding=\"async\" width=\"640\" height=\"1024\" src=\"https:\/\/fitliv.com.br\/wp-content\/uploads\/2024\/05\/3-640x1024.png\" class=\"attachment-large size-large wp-image-1554\" alt=\"\" srcset=\"https:\/\/fitliv.com.br\/wp-content\/uploads\/2024\/05\/3-640x1024.png 640w, https:\/\/fitliv.com.br\/wp-content\/uploads\/2024\/05\/3-188x300.png 188w, https:\/\/fitliv.com.br\/wp-content\/uploads\/2024\/05\/3.png 700w\" sizes=\"(max-width: 640px) 100vw, 640px\" \/>\t\t\t\t\t\t\t\t<\/a>\n\t\t\t\t\t\t\t\t\t\t\t\t\t\t\t<\/div>\n\t\t\t\t<\/div>\n\t\t\t\t<div class=\"elementor-element elementor-element-2fdbcf2 elementor-align-center elementor-widget elementor-widget-button\" data-id=\"2fdbcf2\" data-element_type=\"widget\" data-e-type=\"widget\" data-widget_type=\"button.default\">\n\t\t\t\t<div class=\"elementor-widget-container\">\n\t\t\t\t\t\t\t\t\t<div class=\"elementor-button-wrapper\">\n\t\t\t\t\t<a class=\"elementor-button elementor-button-link elementor-size-sm\" href=\"https:\/\/fitliv.pay.yampi.com.br\/r\/NAJJWBN20D\">\n\t\t\t\t\t\t<span class=\"elementor-button-content-wrapper\">\n\t\t\t\t\t\t\t\t\t<span class=\"elementor-button-text\">COMPRE AGORA<\/span>\n\t\t\t\t\t<\/span>\n\t\t\t\t\t<\/a>\n\t\t\t\t<\/div>\n\t\t\t\t\t\t\t\t<\/div>\n\t\t\t\t<\/div>\n\t\t\t\t<div class=\"elementor-element elementor-element-d6a29cd elementor-widget elementor-widget-image\" data-id=\"d6a29cd\" data-element_type=\"widget\" data-e-type=\"widget\" data-widget_type=\"image.default\">\n\t\t\t\t<div class=\"elementor-widget-container\">\n\t\t\t\t\t\t\t\t\t\t\t\t\t\t\t\t<a href=\"https:\/\/fitliv.pay.yampi.com.br\/r\/FYW049OIA5\">\n\t\t\t\t\t\t\t<img decoding=\"async\" width=\"640\" height=\"1024\" src=\"https:\/\/fitliv.com.br\/wp-content\/uploads\/2024\/05\/2-640x1024.png\" class=\"attachment-large size-large wp-image-1553\" alt=\"\" srcset=\"https:\/\/fitliv.com.br\/wp-content\/uploads\/2024\/05\/2-640x1024.png 640w, https:\/\/fitliv.com.br\/wp-content\/uploads\/2024\/05\/2-188x300.png 188w, https:\/\/fitliv.com.br\/wp-content\/uploads\/2024\/05\/2.png 700w\" sizes=\"(max-width: 640px) 100vw, 640px\" \/>\t\t\t\t\t\t\t\t<\/a>\n\t\t\t\t\t\t\t\t\t\t\t\t\t\t\t<\/div>\n\t\t\t\t<\/div>\n\t\t\t\t<div class=\"elementor-element elementor-element-875a632 elementor-align-center elementor-widget elementor-widget-button\" data-id=\"875a632\" data-element_type=\"widget\" data-e-type=\"widget\" data-widget_type=\"button.default\">\n\t\t\t\t<div class=\"elementor-widget-container\">\n\t\t\t\t\t\t\t\t\t<div class=\"elementor-button-wrapper\">\n\t\t\t\t\t<a class=\"elementor-button elementor-button-link elementor-size-sm\" href=\"https:\/\/fitliv.pay.yampi.com.br\/r\/9C2OYTYTJF\">\n\t\t\t\t\t\t<span class=\"elementor-button-content-wrapper\">\n\t\t\t\t\t\t\t\t\t<span class=\"elementor-button-text\">COMPRE AGORA<\/span>\n\t\t\t\t\t<\/span>\n\t\t\t\t\t<\/a>\n\t\t\t\t<\/div>\n\t\t\t\t\t\t\t\t<\/div>\n\t\t\t\t<\/div>\n\t\t\t\t<div class=\"elementor-element elementor-element-78ff476 elementor-widget elementor-widget-image\" data-id=\"78ff476\" data-element_type=\"widget\" data-e-type=\"widget\" data-widget_type=\"image.default\">\n\t\t\t\t<div class=\"elementor-widget-container\">\n\t\t\t\t\t\t\t\t\t\t\t\t\t\t\t\t<a href=\"https:\/\/fitliv.pay.yampi.com.br\/r\/EEUVCG891X\">\n\t\t\t\t\t\t\t<img loading=\"lazy\" decoding=\"async\" width=\"640\" height=\"1024\" src=\"https:\/\/fitliv.com.br\/wp-content\/uploads\/2024\/05\/1-640x1024.png\" class=\"attachment-large size-large wp-image-1552\" alt=\"\" srcset=\"https:\/\/fitliv.com.br\/wp-content\/uploads\/2024\/05\/1-640x1024.png 640w, https:\/\/fitliv.com.br\/wp-content\/uploads\/2024\/05\/1-188x300.png 188w, https:\/\/fitliv.com.br\/wp-content\/uploads\/2024\/05\/1.png 700w\" sizes=\"(max-width: 640px) 100vw, 640px\" \/>\t\t\t\t\t\t\t\t<\/a>\n\t\t\t\t\t\t\t\t\t\t\t\t\t\t\t<\/div>\n\t\t\t\t<\/div>\n\t\t\t\t<div class=\"elementor-element elementor-element-473a9dc elementor-align-center elementor-widget elementor-widget-button\" data-id=\"473a9dc\" data-element_type=\"widget\" data-e-type=\"widget\" data-widget_type=\"button.default\">\n\t\t\t\t<div class=\"elementor-widget-container\">\n\t\t\t\t\t\t\t\t\t<div class=\"elementor-button-wrapper\">\n\t\t\t\t\t<a class=\"elementor-button elementor-button-link elementor-size-sm\" href=\"https:\/\/fitliv.pay.yampi.com.br\/r\/6Y3HQWQJFD\">\n\t\t\t\t\t\t<span class=\"elementor-button-content-wrapper\">\n\t\t\t\t\t\t\t\t\t<span class=\"elementor-button-text\">COMPRE AGORA<\/span>\n\t\t\t\t\t<\/span>\n\t\t\t\t\t<\/a>\n\t\t\t\t<\/div>\n\t\t\t\t\t\t\t\t<\/div>\n\t\t\t\t<\/div>\n\t\t\t\t\t<\/div>\n\t\t<\/div>\n\t\t\t\t\t<\/div>\n\t\t<\/section>\n\t\t\t\t<section class=\"elementor-section elementor-top-section elementor-element elementor-element-25601a5e elementor-section-boxed elementor-section-height-default elementor-section-height-default\" data-id=\"25601a5e\" data-element_type=\"section\" data-e-type=\"section\" data-settings=\"{&quot;background_background&quot;:&quot;classic&quot;}\">\n\t\t\t\t\t\t<div class=\"elementor-container elementor-column-gap-default\">\n\t\t\t\t\t<div class=\"elementor-column elementor-col-100 elementor-top-column elementor-element elementor-element-58307437\" data-id=\"58307437\" data-element_type=\"column\" data-e-type=\"column\">\n\t\t\t<div class=\"elementor-widget-wrap elementor-element-populated\">\n\t\t\t\t\t\t<div class=\"elementor-element elementor-element-6333a41d elementor-widget elementor-widget-spacer\" data-id=\"6333a41d\" data-element_type=\"widget\" data-e-type=\"widget\" data-widget_type=\"spacer.default\">\n\t\t\t\t<div class=\"elementor-widget-container\">\n\t\t\t\t\t\t\t<div class=\"elementor-spacer\">\n\t\t\t<div class=\"elementor-spacer-inner\"><\/div>\n\t\t<\/div>\n\t\t\t\t\t\t<\/div>\n\t\t\t\t<\/div>\n\t\t\t\t<div class=\"elementor-element elementor-element-2643e242 elementor-widget elementor-widget-image\" data-id=\"2643e242\" data-element_type=\"widget\" data-e-type=\"widget\" data-widget_type=\"image.default\">\n\t\t\t\t<div class=\"elementor-widget-container\">\n\t\t\t\t\t\t\t\t\t\t\t\t\t\t\t<img loading=\"lazy\" decoding=\"async\" width=\"279\" height=\"80\" src=\"https:\/\/fitliv.com.br\/wp-content\/uploads\/2022\/03\/Fitliv-removebg-preview-1.png\" class=\"attachment-medium size-medium wp-image-127\" alt=\"\" \/>\t\t\t\t\t\t\t\t\t\t\t\t\t\t\t<\/div>\n\t\t\t\t<\/div>\n\t\t\t\t<div class=\"elementor-element elementor-element-30a1844e elementor-widget elementor-widget-heading\" data-id=\"30a1844e\" data-element_type=\"widget\" data-e-type=\"widget\" data-widget_type=\"heading.default\">\n\t\t\t\t<div class=\"elementor-widget-container\">\n\t\t\t\t\t<p class=\"elementor-heading-title elementor-size-small\">\u00a9 2022 \u2013 FITLIV | Todos os direitos reservados<\/p>\t\t\t\t<\/div>\n\t\t\t\t<\/div>\n\t\t\t\t<div class=\"elementor-element elementor-element-8a2f826 elementor-widget elementor-widget-heading\" data-id=\"8a2f826\" data-element_type=\"widget\" data-e-type=\"widget\" data-widget_type=\"heading.default\">\n\t\t\t\t<div class=\"elementor-widget-container\">\n\t\t\t\t\t<p class=\"elementor-heading-title elementor-size-small\">atendimento@fitliv.com.br <\/p>\t\t\t\t<\/div>\n\t\t\t\t<\/div>\n\t\t\t\t<div class=\"elementor-element elementor-element-b4b008 elementor-widget elementor-widget-heading\" data-id=\"b4b008\" data-element_type=\"widget\" data-e-type=\"widget\" data-widget_type=\"heading.default\">\n\t\t\t\t<div class=\"elementor-widget-container\">\n\t\t\t\t\t<p class=\"elementor-heading-title elementor-size-small\"><a href=\"https:\/\/fitliv.com.br\/index.php\/politica-de-privacidade-2\/\">Pol\u00edticas de Privacidade<\/a><\/p>\t\t\t\t<\/div>\n\t\t\t\t<\/div>\n\t\t\t\t<div class=\"elementor-element elementor-element-26c2c4e6 elementor-widget elementor-widget-heading\" data-id=\"26c2c4e6\" data-element_type=\"widget\" data-e-type=\"widget\" data-widget_type=\"heading.default\">\n\t\t\t\t<div class=\"elementor-widget-container\">\n\t\t\t\t\t<p class=\"elementor-heading-title elementor-size-small\"><a href=\"https:\/\/fitliv.com.br\/index.php\/termos-e-condicoes\/\">Termos e Condi\u00e7\u00f5es<\/a><\/p>\t\t\t\t<\/div>\n\t\t\t\t<\/div>\n\t\t\t\t<div class=\"elementor-element elementor-element-45d3a196 elementor-widget elementor-widget-heading\" data-id=\"45d3a196\" data-element_type=\"widget\" data-e-type=\"widget\" data-widget_type=\"heading.default\">\n\t\t\t\t<div class=\"elementor-widget-container\">\n\t\t\t\t\t<p class=\"elementor-heading-title elementor-size-small\"><a href=\"https:\/\/fitliv.com.br\/index.php\/aviso-lega\/\">Aviso Legal<\/a><\/p>\t\t\t\t<\/div>\n\t\t\t\t<\/div>\n\t\t\t\t<div class=\"elementor-element elementor-element-38fc24e7 elementor-widget elementor-widget-spacer\" data-id=\"38fc24e7\" data-element_type=\"widget\" data-e-type=\"widget\" data-widget_type=\"spacer.default\">\n\t\t\t\t<div class=\"elementor-widget-container\">\n\t\t\t\t\t\t\t<div class=\"elementor-spacer\">\n\t\t\t<div class=\"elementor-spacer-inner\"><\/div>\n\t\t<\/div>\n\t\t\t\t\t\t<\/div>\n\t\t\t\t<\/div>\n\t\t\t\t<div class=\"elementor-element elementor-element-747125a8 elementor-widget elementor-widget-heading\" data-id=\"747125a8\" data-element_type=\"widget\" data-e-type=\"widget\" data-widget_type=\"heading.default\">\n\t\t\t\t<div class=\"elementor-widget-container\">\n\t\t\t\t\t<p class=\"elementor-heading-title elementor-size-small\">Formas de Pagamentos<\/p>\t\t\t\t<\/div>\n\t\t\t\t<\/div>\n\t\t\t\t<div class=\"elementor-element elementor-element-260251bf elementor-widget elementor-widget-image\" data-id=\"260251bf\" data-element_type=\"widget\" data-e-type=\"widget\" data-widget_type=\"image.default\">\n\t\t\t\t<div class=\"elementor-widget-container\">\n\t\t\t\t\t\t\t\t\t\t\t\t\t\t\t<img loading=\"lazy\" decoding=\"async\" width=\"300\" height=\"90\" src=\"https:\/\/fitliv.com.br\/wp-content\/uploads\/2022\/03\/formas_png_pagamento-300x90.webp\" class=\"attachment-medium size-medium wp-image-128\" alt=\"\" srcset=\"https:\/\/fitliv.com.br\/wp-content\/uploads\/2022\/03\/formas_png_pagamento-300x90.webp 300w, https:\/\/fitliv.com.br\/wp-content\/uploads\/2022\/03\/formas_png_pagamento-416x125.webp 416w, https:\/\/fitliv.com.br\/wp-content\/uploads\/2022\/03\/formas_png_pagamento.webp 620w\" sizes=\"(max-width: 300px) 100vw, 300px\" \/>\t\t\t\t\t\t\t\t\t\t\t\t\t\t\t<\/div>\n\t\t\t\t<\/div>\n\t\t\t\t<div class=\"elementor-element elementor-element-dbfd342 elementor-widget elementor-widget-heading\" data-id=\"dbfd342\" data-element_type=\"widget\" data-e-type=\"widget\" data-widget_type=\"heading.default\">\n\t\t\t\t<div class=\"elementor-widget-container\">\n\t\t\t\t\t<p class=\"elementor-heading-title elementor-size-small\">Site Seguro<\/p>\t\t\t\t<\/div>\n\t\t\t\t<\/div>\n\t\t\t\t<div class=\"elementor-element elementor-element-18734305 elementor-widget elementor-widget-image\" data-id=\"18734305\" data-element_type=\"widget\" data-e-type=\"widget\" data-widget_type=\"image.default\">\n\t\t\t\t<div class=\"elementor-widget-container\">\n\t\t\t\t\t\t\t\t\t\t\t\t\t\t\t<img loading=\"lazy\" decoding=\"async\" width=\"752\" height=\"141\" src=\"https:\/\/fitliv.com.br\/wp-content\/uploads\/2022\/03\/selos-seguranca.png\" class=\"attachment-large size-large wp-image-131\" alt=\"\" srcset=\"https:\/\/fitliv.com.br\/wp-content\/uploads\/2022\/03\/selos-seguranca.png 752w, https:\/\/fitliv.com.br\/wp-content\/uploads\/2022\/03\/selos-seguranca-416x78.png 416w, https:\/\/fitliv.com.br\/wp-content\/uploads\/2022\/03\/selos-seguranca-300x56.png 300w\" sizes=\"(max-width: 752px) 100vw, 752px\" \/>\t\t\t\t\t\t\t\t\t\t\t\t\t\t\t<\/div>\n\t\t\t\t<\/div>\n\t\t\t\t<div class=\"elementor-element elementor-element-62dadbc9 elementor-widget elementor-widget-text-editor\" data-id=\"62dadbc9\" data-element_type=\"widget\" data-e-type=\"widget\" data-widget_type=\"text-editor.default\">\n\t\t\t\t<div class=\"elementor-widget-container\">\n\t\t\t\t\t\t\t\t\t<span style=\"font-size: xx-small;\">*Este site n\u00e3o \u00e9 afiliado ao Facebook ou a qualquer entidade do mesmo. Ap\u00f3s sair do Facebook, a responsabilidade n\u00e3o \u00e9 do Facebook, e sim do nosso site.\n<\/span>\t\t\t\t\t\t\t\t<\/div>\n\t\t\t\t<\/div>\n\t\t\t\t\t<\/div>\n\t\t<\/div>\n\t\t\t\t\t<\/div>\n\t\t<\/section>\n\t\t\t\t<\/div>\n\t\t","protected":false},"excerpt":{"rendered":"<p>Aproveite Desconto Exclusivo: Oferta por Tempo Limitado! Minutos Segundos COMPRE AGORA COMPRE AGORA COMPRE AGORA COMPRE AGORA \u00a9 2022 \u2013 FITLIV | Todos os direitos reservados atendimento@fitliv.com.br Pol\u00edticas de Privacidade Termos e Condi\u00e7\u00f5es Aviso Legal Formas de Pagamentos Site Seguro *Este site n\u00e3o \u00e9 afiliado ao Facebook ou a qualquer entidade do mesmo. Ap\u00f3s sair [&hellip;]<\/p>\n","protected":false},"author":1,"featured_media":0,"parent":0,"menu_order":0,"comment_status":"closed","ping_status":"closed","template":"elementor_canvas","meta":{"footnotes":""},"class_list":["post-455","page","type-page","status-publish","hentry"],"_links":{"self":[{"href":"https:\/\/fitliv.com.br\/index.php\/wp-json\/wp\/v2\/pages\/455","targetHints":{"allow":["GET"]}}],"collection":[{"href":"https:\/\/fitliv.com.br\/index.php\/wp-json\/wp\/v2\/pages"}],"about":[{"href":"https:\/\/fitliv.com.br\/index.php\/wp-json\/wp\/v2\/types\/page"}],"author":[{"embeddable":true,"href":"https:\/\/fitliv.com.br\/index.php\/wp-json\/wp\/v2\/users\/1"}],"replies":[{"embeddable":true,"href":"https:\/\/fitliv.com.br\/index.php\/wp-json\/wp\/v2\/comments?post=455"}],"version-history":[{"count":31,"href":"https:\/\/fitliv.com.br\/index.php\/wp-json\/wp\/v2\/pages\/455\/revisions"}],"predecessor-version":[{"id":1559,"href":"https:\/\/fitliv.com.br\/index.php\/wp-json\/wp\/v2\/pages\/455\/revisions\/1559"}],"wp:attachment":[{"href":"https:\/\/fitliv.com.br\/index.php\/wp-json\/wp\/v2\/media?parent=455"}],"curies":[{"name":"wp","href":"https:\/\/api.w.org\/{rel}","templated":true}]}}