{"id":952,"date":"2022-11-07T15:56:26","date_gmt":"2022-11-07T18:56:26","guid":{"rendered":"https:\/\/fitliv.com.br\/?page_id=952"},"modified":"2022-11-07T15:56:49","modified_gmt":"2022-11-07T18:56:49","slug":"elementor-952","status":"publish","type":"page","link":"https:\/\/fitliv.com.br\/index.php\/elementor-952\/","title":{"rendered":"Elementor #952"},"content":{"rendered":"\t\t<div data-elementor-type=\"wp-page\" data-elementor-id=\"952\" class=\"elementor elementor-952\" data-elementor-post-type=\"page\">\n\t\t\t\t\t\t<section class=\"elementor-section elementor-top-section elementor-element elementor-element-42075dbc elementor-section-boxed elementor-section-height-default elementor-section-height-default\" data-id=\"42075dbc\" data-element_type=\"section\" data-e-type=\"section\" data-settings=\"{&quot;background_background&quot;:&quot;classic&quot;}\">\n\t\t\t\t\t\t<div class=\"elementor-container elementor-column-gap-default\">\n\t\t\t\t\t<div class=\"elementor-column elementor-col-100 elementor-top-column elementor-element elementor-element-2c7e5beb\" data-id=\"2c7e5beb\" data-element_type=\"column\" data-e-type=\"column\">\n\t\t\t<div class=\"elementor-widget-wrap elementor-element-populated\">\n\t\t\t\t\t\t<div class=\"elementor-element elementor-element-16f458a4 elementor-widget elementor-widget-image\" data-id=\"16f458a4\" data-element_type=\"widget\" data-e-type=\"widget\" data-widget_type=\"image.default\">\n\t\t\t\t<div class=\"elementor-widget-container\">\n\t\t\t\t\t\t\t\t\t\t\t\t\t\t\t<img fetchpriority=\"high\" decoding=\"async\" width=\"640\" height=\"1024\" src=\"https:\/\/fitliv.com.br\/wp-content\/uploads\/2022\/11\/Uhul-Pedido-em-transporte-NOME_-16-640x1024.png\" class=\"attachment-large size-large wp-image-954\" alt=\"\" srcset=\"https:\/\/fitliv.com.br\/wp-content\/uploads\/2022\/11\/Uhul-Pedido-em-transporte-NOME_-16-640x1024.png 640w, https:\/\/fitliv.com.br\/wp-content\/uploads\/2022\/11\/Uhul-Pedido-em-transporte-NOME_-16-416x666.png 416w, https:\/\/fitliv.com.br\/wp-content\/uploads\/2022\/11\/Uhul-Pedido-em-transporte-NOME_-16-188x300.png 188w, https:\/\/fitliv.com.br\/wp-content\/uploads\/2022\/11\/Uhul-Pedido-em-transporte-NOME_-16.png 700w\" sizes=\"(max-width: 640px) 100vw, 640px\" \/>\t\t\t\t\t\t\t\t\t\t\t\t\t\t\t<\/div>\n\t\t\t\t<\/div>\n\t\t\t\t\t<\/div>\n\t\t<\/div>\n\t\t\t\t\t<\/div>\n\t\t<\/section>\n\t\t\t\t<section class=\"elementor-section elementor-top-section elementor-element elementor-element-2483de1 elementor-section-boxed elementor-section-height-default elementor-section-height-default\" data-id=\"2483de1\" data-element_type=\"section\" data-e-type=\"section\" data-settings=\"{&quot;background_background&quot;:&quot;classic&quot;}\">\n\t\t\t\t\t\t<div class=\"elementor-container elementor-column-gap-default\">\n\t\t\t\t\t<div class=\"elementor-column elementor-col-100 elementor-top-column elementor-element elementor-element-1d4cf821\" data-id=\"1d4cf821\" data-element_type=\"column\" data-e-type=\"column\">\n\t\t\t<div class=\"elementor-widget-wrap elementor-element-populated\">\n\t\t\t\t\t\t<div class=\"elementor-element elementor-element-6d33382e elementor-widget elementor-widget-spacer\" data-id=\"6d33382e\" data-element_type=\"widget\" data-e-type=\"widget\" data-widget_type=\"spacer.default\">\n\t\t\t\t<div class=\"elementor-widget-container\">\n\t\t\t\t\t\t\t<div class=\"elementor-spacer\">\n\t\t\t<div class=\"elementor-spacer-inner\"><\/div>\n\t\t<\/div>\n\t\t\t\t\t\t<\/div>\n\t\t\t\t<\/div>\n\t\t\t\t<div class=\"elementor-element elementor-element-2daffa5e elementor-widget elementor-widget-image\" data-id=\"2daffa5e\" data-element_type=\"widget\" data-e-type=\"widget\" data-widget_type=\"image.default\">\n\t\t\t\t<div class=\"elementor-widget-container\">\n\t\t\t\t\t\t\t\t\t\t\t\t\t\t\t<img decoding=\"async\" width=\"279\" height=\"80\" src=\"https:\/\/fitliv.com.br\/wp-content\/uploads\/2022\/03\/Fitliv-removebg-preview-1.png\" class=\"attachment-medium size-medium wp-image-127\" alt=\"\" \/>\t\t\t\t\t\t\t\t\t\t\t\t\t\t\t<\/div>\n\t\t\t\t<\/div>\n\t\t\t\t<div class=\"elementor-element elementor-element-5e3ea12e elementor-widget elementor-widget-heading\" data-id=\"5e3ea12e\" data-element_type=\"widget\" data-e-type=\"widget\" data-widget_type=\"heading.default\">\n\t\t\t\t<div class=\"elementor-widget-container\">\n\t\t\t\t\t<p class=\"elementor-heading-title elementor-size-small\"><a href=\"https:\/\/fitliv.com.br\/index.php\/politica-de-privacidade-2\/\">Pol\u00edticas de Privacidade<\/a><\/p>\t\t\t\t<\/div>\n\t\t\t\t<\/div>\n\t\t\t\t<div class=\"elementor-element elementor-element-1a357f36 elementor-widget elementor-widget-heading\" data-id=\"1a357f36\" data-element_type=\"widget\" data-e-type=\"widget\" data-widget_type=\"heading.default\">\n\t\t\t\t<div class=\"elementor-widget-container\">\n\t\t\t\t\t<p class=\"elementor-heading-title elementor-size-small\"><a href=\"https:\/\/fitliv.com.br\/index.php\/termos-e-condicoes\/\">Termos e Condi\u00e7\u00f5es<\/a><\/p>\t\t\t\t<\/div>\n\t\t\t\t<\/div>\n\t\t\t\t<div class=\"elementor-element elementor-element-5ba73335 elementor-widget elementor-widget-heading\" data-id=\"5ba73335\" data-element_type=\"widget\" data-e-type=\"widget\" data-widget_type=\"heading.default\">\n\t\t\t\t<div class=\"elementor-widget-container\">\n\t\t\t\t\t<p class=\"elementor-heading-title elementor-size-small\"><a href=\"https:\/\/fitliv.com.br\/index.php\/aviso-lega\/\">Aviso Legal<\/a><\/p>\t\t\t\t<\/div>\n\t\t\t\t<\/div>\n\t\t\t\t<div class=\"elementor-element elementor-element-50405c0 elementor-widget elementor-widget-spacer\" data-id=\"50405c0\" data-element_type=\"widget\" data-e-type=\"widget\" data-widget_type=\"spacer.default\">\n\t\t\t\t<div class=\"elementor-widget-container\">\n\t\t\t\t\t\t\t<div class=\"elementor-spacer\">\n\t\t\t<div class=\"elementor-spacer-inner\"><\/div>\n\t\t<\/div>\n\t\t\t\t\t\t<\/div>\n\t\t\t\t<\/div>\n\t\t\t\t<div class=\"elementor-element elementor-element-4035cbdb elementor-widget elementor-widget-heading\" data-id=\"4035cbdb\" data-element_type=\"widget\" data-e-type=\"widget\" data-widget_type=\"heading.default\">\n\t\t\t\t<div class=\"elementor-widget-container\">\n\t\t\t\t\t<p class=\"elementor-heading-title elementor-size-small\">Formas de Pagamentos<\/p>\t\t\t\t<\/div>\n\t\t\t\t<\/div>\n\t\t\t\t<div class=\"elementor-element elementor-element-2efc79ed elementor-widget elementor-widget-image\" data-id=\"2efc79ed\" data-element_type=\"widget\" data-e-type=\"widget\" data-widget_type=\"image.default\">\n\t\t\t\t<div class=\"elementor-widget-container\">\n\t\t\t\t\t\t\t\t\t\t\t\t\t\t\t<img decoding=\"async\" width=\"300\" height=\"90\" src=\"https:\/\/fitliv.com.br\/wp-content\/uploads\/2022\/03\/formas_png_pagamento-300x90.webp\" class=\"attachment-medium size-medium wp-image-128\" alt=\"\" srcset=\"https:\/\/fitliv.com.br\/wp-content\/uploads\/2022\/03\/formas_png_pagamento-300x90.webp 300w, https:\/\/fitliv.com.br\/wp-content\/uploads\/2022\/03\/formas_png_pagamento-416x125.webp 416w, https:\/\/fitliv.com.br\/wp-content\/uploads\/2022\/03\/formas_png_pagamento.webp 620w\" sizes=\"(max-width: 300px) 100vw, 300px\" \/>\t\t\t\t\t\t\t\t\t\t\t\t\t\t\t<\/div>\n\t\t\t\t<\/div>\n\t\t\t\t<div class=\"elementor-element elementor-element-73ced953 elementor-widget elementor-widget-heading\" data-id=\"73ced953\" data-element_type=\"widget\" data-e-type=\"widget\" data-widget_type=\"heading.default\">\n\t\t\t\t<div class=\"elementor-widget-container\">\n\t\t\t\t\t<p class=\"elementor-heading-title elementor-size-small\">Site Seguro<\/p>\t\t\t\t<\/div>\n\t\t\t\t<\/div>\n\t\t\t\t<div class=\"elementor-element elementor-element-6bb2e44d elementor-widget elementor-widget-image\" data-id=\"6bb2e44d\" data-element_type=\"widget\" data-e-type=\"widget\" data-widget_type=\"image.default\">\n\t\t\t\t<div class=\"elementor-widget-container\">\n\t\t\t\t\t\t\t\t\t\t\t\t\t\t\t<img loading=\"lazy\" decoding=\"async\" width=\"752\" height=\"141\" src=\"https:\/\/fitliv.com.br\/wp-content\/uploads\/2022\/03\/selos-seguranca.png\" class=\"attachment-large size-large wp-image-131\" alt=\"\" srcset=\"https:\/\/fitliv.com.br\/wp-content\/uploads\/2022\/03\/selos-seguranca.png 752w, https:\/\/fitliv.com.br\/wp-content\/uploads\/2022\/03\/selos-seguranca-416x78.png 416w, https:\/\/fitliv.com.br\/wp-content\/uploads\/2022\/03\/selos-seguranca-300x56.png 300w\" sizes=\"(max-width: 752px) 100vw, 752px\" \/>\t\t\t\t\t\t\t\t\t\t\t\t\t\t\t<\/div>\n\t\t\t\t<\/div>\n\t\t\t\t<div class=\"elementor-element elementor-element-3a0c1197 elementor-widget elementor-widget-heading\" data-id=\"3a0c1197\" data-element_type=\"widget\" data-e-type=\"widget\" data-widget_type=\"heading.default\">\n\t\t\t\t<div class=\"elementor-widget-container\">\n\t\t\t\t\t<p class=\"elementor-heading-title elementor-size-small\">\u00a9 2022 \u2013 FITLIV - Todos os direitos reservados<\/p>\t\t\t\t<\/div>\n\t\t\t\t<\/div>\n\t\t\t\t\t<\/div>\n\t\t<\/div>\n\t\t\t\t\t<\/div>\n\t\t<\/section>\n\t\t\t\t<\/div>\n\t\t","protected":false},"excerpt":{"rendered":"<p>Pol\u00edticas de Privacidade Termos e Condi\u00e7\u00f5es Aviso Legal Formas de Pagamentos Site Seguro \u00a9 2022 \u2013 FITLIV &#8211; Todos os direitos reservados<\/p>\n","protected":false},"author":1,"featured_media":0,"parent":0,"menu_order":0,"comment_status":"closed","ping_status":"closed","template":"elementor_canvas","meta":{"footnotes":""},"class_list":["post-952","page","type-page","status-publish","hentry"],"_links":{"self":[{"href":"https:\/\/fitliv.com.br\/index.php\/wp-json\/wp\/v2\/pages\/952","targetHints":{"allow":["GET"]}}],"collection":[{"href":"https:\/\/fitliv.com.br\/index.php\/wp-json\/wp\/v2\/pages"}],"about":[{"href":"https:\/\/fitliv.com.br\/index.php\/wp-json\/wp\/v2\/types\/page"}],"author":[{"embeddable":true,"href":"https:\/\/fitliv.com.br\/index.php\/wp-json\/wp\/v2\/users\/1"}],"replies":[{"embeddable":true,"href":"https:\/\/fitliv.com.br\/index.php\/wp-json\/wp\/v2\/comments?post=952"}],"version-history":[{"count":4,"href":"https:\/\/fitliv.com.br\/index.php\/wp-json\/wp\/v2\/pages\/952\/revisions"}],"predecessor-version":[{"id":957,"href":"https:\/\/fitliv.com.br\/index.php\/wp-json\/wp\/v2\/pages\/952\/revisions\/957"}],"wp:attachment":[{"href":"https:\/\/fitliv.com.br\/index.php\/wp-json\/wp\/v2\/media?parent=952"}],"curies":[{"name":"wp","href":"https:\/\/api.w.org\/{rel}","templated":true}]}}